{"id":14,"date":"2014-01-21T13:43:38","date_gmt":"2014-01-21T13:43:38","guid":{"rendered":"http:\/\/www.eti-vinkovec.org\/?page_id=14"},"modified":"2021-05-12T21:23:28","modified_gmt":"2021-05-12T20:23:28","slug":"gdje-smo","status":"publish","type":"page","link":"https:\/\/www.eti-vinkovec.org\/?page_id=14","title":{"rendered":"GDJE SMO?"},"content":{"rendered":"<p>&#8230;. u selu Vinkovec u Op\u0107ini Preseka, 45 minuta od Zagreba, odnosno 20 minuta vo\u017enje od izlaza Sveta Helena na autocesti Zagreb-Vara\u017edin.<\/p>\n<table>\n<tbody>\n<tr>\n<td valign=\"center\"><a href=\"http:\/\/www.sumari.hr\/mape\/vinkovec.html\"><img loading=\"lazy\" class=\" wp-image-196 alignleft\" src=\"https:\/\/www.eti-vinkovec.org\/wp-content\/uploads\/2014\/01\/vinkovec32-246x300.png\" alt=\"ETI Vinkovec\" width=\"264\" height=\"322\" srcset=\"https:\/\/www.eti-vinkovec.org\/wp-content\/uploads\/2014\/01\/vinkovec32-246x300.png 246w, https:\/\/www.eti-vinkovec.org\/wp-content\/uploads\/2014\/01\/vinkovec32.png 491w\" sizes=\"(max-width: 264px) 100vw, 264px\" \/><\/a>navigacija <strong><span style=\"color: #ff0000;\">od Sv. Helene<br \/>\n<\/span><\/strong><a href=\"https:\/\/docs.google.com\/presentation\/d\/1y31bB4xclj6DyUt2fEbdEiQbmkPn-IR2Oz8zS_i84yk\/pub?start=true&amp;loop=false&amp;delayms=5000\">PREZENTACIJA\u00a0PUTA<br \/>\n<\/a><a href=\"https:\/\/docs.google.com\/presentation\/d\/1Jp9SIAPLWKiTo28iUTtHrNOLaz9GMdRLHi0ya3wsqFM\/pub?start=true&amp;loop=false&amp;delayms=5000\">SLIDESHOW OF THE ROAD<br \/>\n<\/a><a href=\"https:\/\/goo.gl\/photos\/FxWdDamkUFvyfZcp6\">FOTOALBUM<br \/>\n<\/a><a href=\"https:\/\/goo.gl\/xncs5Y\">GoogleMaps<\/a><br \/>\n<a href=\"https:\/\/goo.gl\/xU9zjr\" target=\"_blank\" rel=\"noopener noreferrer\">WeGo<\/a><br \/>\n<span style=\"color: #ff0000;\">PAZI!!! obavezno\u00a0<\/span><span style=\"color: #ff0000;\">preko<\/span> <span style=\"color: #008000;\">Brezana<\/span>, <span style=\"color: #ff0000;\">nikako preko <del>Dvori\u0161\u0107a<br \/>\n<\/del><\/span><span style=\"color: #ff0000;\">\u00a0<\/span><\/p>\n<p><strong style=\"font-family: inherit; font-size: inherit;\">navigacija <span style=\"color: #ff0000;\">od Komina<br \/>\n<\/span><\/strong>(uglavnom za dolaznike iz Vara\u017edina, ili zagreba\u0161e koji &#8220;proma\u0161e&#8221; izlaz Sv. Helena)<br \/>\n<a href=\"https:\/\/docs.google.com\/presentation\/d\/1d-2DeLGu_JSy3F5i22WiwnCOKW2W0Hn0y_QJxfu-DOo\/pub?start=true&amp;loop=false&amp;delayms=5000\">PREZENTACIJA PUTA<\/a><\/p>\n<p><strong>navigacija\u00a0<span style=\"color: #ff0000;\">od Vrbovca<\/span><\/strong><br \/>\n(uglavnom za dolaznike iz smjera Bjelovara)<br \/>\n<a href=\"https:\/\/docs.google.com\/presentation\/d\/1jMWC40dLwYM8Mw123K9-GBytdO3W5Cxsc4BvN2U5lrQ\/pub?start=false&amp;loop=false&amp;delayms=3000\">PREZENTACIJA PUTA<\/a><\/td>\n<\/tr>\n<\/tbody>\n<\/table>\n<p>kontakt<\/p>\n<p>Ksenija Buri\u0107<br \/>\n091 529 7219<br \/>\nksenija@eti-vinkovec.org<\/p>\n<p>Branko Me\u0161tri\u0107<br \/>\n098 48 0000<br \/>\nbranko@eti-vinkovec.org<\/p>\n","protected":false},"excerpt":{"rendered":"<p>&#8230;. u selu Vinkovec u Op\u0107ini Preseka, 45 minuta od Zagreba, odnosno 20 minuta vo\u017enje od izlaza Sveta Helena na autocesti Zagreb-Vara\u017edin. navigacija od Sv. Helene PREZENTACIJA\u00a0PUTA SLIDESHOW OF THE ROAD FOTOALBUM GoogleMaps WeGo PAZI!!! obavezno\u00a0preko Brezana, nikako preko Dvori\u0161\u0107a \u00a0 navigacija od Komina (uglavnom za dolaznike iz Vara\u017edina, ili zagreba\u0161e koji &#8220;proma\u0161e&#8221; izlaz Sv. &hellip; <\/p>\n<p class=\"link-more\"><a href=\"https:\/\/www.eti-vinkovec.org\/?page_id=14\" class=\"more-link\">Nastavi \u010ditati<span class=\"screen-reader-text\"> &#8220;GDJE SMO?&#8221;<\/span><\/a><\/p>\n","protected":false},"author":2,"featured_media":0,"parent":0,"menu_order":5,"comment_status":"open","ping_status":"open","template":"","meta":[],"_links":{"self":[{"href":"https:\/\/www.eti-vinkovec.org\/index.php?rest_route=\/wp\/v2\/pages\/14"}],"collection":[{"href":"https:\/\/www.eti-vinkovec.org\/index.php?rest_route=\/wp\/v2\/pages"}],"about":[{"href":"https:\/\/www.eti-vinkovec.org\/index.php?rest_route=\/wp\/v2\/types\/page"}],"author":[{"embeddable":true,"href":"https:\/\/www.eti-vinkovec.org\/index.php?rest_route=\/wp\/v2\/users\/2"}],"replies":[{"embeddable":true,"href":"https:\/\/www.eti-vinkovec.org\/index.php?rest_route=%2Fwp%2Fv2%2Fcomments&post=14"}],"version-history":[{"count":38,"href":"https:\/\/www.eti-vinkovec.org\/index.php?rest_route=\/wp\/v2\/pages\/14\/revisions"}],"predecessor-version":[{"id":574,"href":"https:\/\/www.eti-vinkovec.org\/index.php?rest_route=\/wp\/v2\/pages\/14\/revisions\/574"}],"wp:attachment":[{"href":"https:\/\/www.eti-vinkovec.org\/index.php?rest_route=%2Fwp%2Fv2%2Fmedia&parent=14"}],"curies":[{"name":"wp","href":"https:\/\/api.w.org\/{rel}","templated":true}]}}